{"id":134,"date":"2022-07-06T09:34:19","date_gmt":"2022-07-06T07:34:19","guid":{"rendered":"http:\/\/challengerun.ostojachobienice.pl\/?page_id=134"},"modified":"2022-07-21T13:18:19","modified_gmt":"2022-07-21T11:18:19","slug":"o-biegu","status":"publish","type":"page","link":"http:\/\/challengerun.ostojachobienice.pl\/?page_id=134","title":{"rendered":"O biegu"},"content":{"rendered":"\n<p>W historycznych murach folwarku rodu Miel\u017cy\u0144skich w pi\u0119knej Wielkopolsce kilka lat temu zagnie\u017adzi\u0142 si\u0119 przepi\u0119kny hotel, strefa wellness, stajnia i wiele innych atrakcji. Celem tw\u00f3rc\u00f3w tego miejsca by\u0142o sprawienie, by wypoczynek w Ostoi Chobienice by\u0142o prawdziw\u0105 podr\u00f3\u017c\u0105 do spokojnych wspomnie\u0144 i oderwanie si\u0119 od trosk codzienno\u015bci.<br>Pi\u0119kne wn\u0119trza pokoi, bogata oferta SPA oraz nagradzana restauracja Rz\u0105dc\u00f3wka sprawiaj\u0105, \u017ce Po kilku latach dzia\u0142alno\u015bci Ostoja Chobienice sta\u0142a si\u0119 jednym z najpopularniejszych miejsc wypoczynkowych dla wojew\u00f3dztw Wielkopolskiego i Lubuskiego.<\/p>\n\n\n\n<ul class=\"wp-block-list\"><li>O dobre samopoczucie aktywnych go\u015bci resortu dba Ostoja Zdrowia, na kt\u00f3r\u0105 sk\u0142adaj\u0105 si\u0119:<\/li><li>Catering dietetyczny Jad\u0142onka<\/li><li>Klub MILON<\/li><li>Zaj\u0119cia sportowe (Tabata, ZUMBA, TBC i inne)<\/li><li>Aktywno\u015bci sportowe (kajaki, SUPy, wycieczki rowerowe, wsp\u00f3lne wyjazdy w g\u00f3ry etc.)<\/li><li>A teraz przyszed\u0142 czas na co\u015b NOWEGO!<\/li><\/ul>\n\n\n\n<h2 class=\"wp-block-heading\">Challenge RUN Ostoja Chobienice<\/h2>\n\n\n\n<p>Sprawd\u017a siebie! Pokonaj swoje s\u0142abo\u015bci i spotkaj si\u0119 z natur\u0105 w spos\u00f3b, jakiego do tej pory w Ostoi Chobienice jeszcze nie by\u0142 okazji zazna\u0107 \ud83d\ude09<br>Challenge Run Ostoja Chobienice to bieg z przeszkodami, na kt\u00f3rym niestraszne b\u0119d\u0105 nam pot, b\u0142oto i odrobina adrenaliny! W\u015br\u00f3d przeszk\u00f3d np. parkiet z opon, Ma\u0142pi Gaj, zbiornik z lodem, skok nad ogniskiem, bieg przez rzek\u0119, czo\u0142ganie pod siatk\u0105, czy zjazd po skarpie do rzeki!<br>Nie b\u00f3j si\u0119 zaryzykowa\u0107 tak \u015bwietnej zabawy, bowiem po biegu czeka na nas relaks pod drzewkiem w pi\u0119knej Ostoi, oraz posi\u0142ek prosto z kuchni ostojowej Rz\u0105dc\u00f3wki.<br>Koszt uczestnictwa: 149 pln<\/p>\n\n\n\n<h2 class=\"wp-block-heading\">Pakiet startowy<\/h2>\n\n\n\n<p>W cenie uczestnictwa otrzymujesz:<\/p>\n\n\n\n<ul class=\"wp-block-list\"><li>mo\u017cliwo\u015b\u0107 udzia\u0142u w biegu Challenge RUN Ostoja Chobienice w dniu 28.08.2022<\/li><li>koszulk\u0119 sportow\u0105<\/li><li>posi\u0142ek regeneracyjny prosto z kuchni nagradzanej restauracji Rz\u0105dc\u00f3wka<\/li><li>owocowe smoothie<\/li><li>medal pami\u0105tkowy (tylko dla os\u00f3b, kt\u00f3re uko\u0144cz\u0105 bieg)<\/li><li>mo\u017cliwo\u015b\u0107 wygrania cennych nagr\u00f3d za miejsca 1-3 w kategorii m\u0119\u017cczyzn i kobiet<\/li><\/ul>\n\n\n\n<h2 class=\"wp-block-heading\">Nagrody<\/h2>\n\n\n\n<div class=\"wp-block-columns is-layout-flex wp-container-core-columns-is-layout-9d6595d7 wp-block-columns-is-layout-flex\">\n<div class=\"wp-block-column is-layout-flow wp-block-column-is-layout-flow\">\n<h3 class=\"wp-block-heading\">Kategoria m\u0119\u017cczyzn OPEN<\/h3>\n\n\n\n<ol class=\"wp-block-list\"><li>miejsce:<br>&#8211; Voucher do wykorzystania w Ostoi Chobienice na kwot\u0119 1000 pln<br>&#8211; Okulary sportowe GOG<br>&#8211; Voucher od firmy Drew-dom na moskitiery okienne na wymiar na kwot\u0119 300 pln<\/li><li>miejsce:<br>&#8211; Voucher do wykorzystania w Ostoi Chobienice na kwot\u0119 500 pln<br>&#8211; Okulary sportowe GOG<br>&#8211; Voucher od firmy Drew-dom na moskitiery okienne na wymiar na kwot\u0119 200 pln<\/li><li>miejsce:<br>&#8211; Voucher do wykorzystania w Ostoi Chobienice na kwot\u0119 250 pln<br>&#8211; Okulary sportowe GOG<br>&#8211; Voucher od firmy Drew-dom na moskitiery okienne na wymiar na kwot\u0119 100 pln<\/li><\/ol>\n<\/div>\n\n\n\n<div class=\"wp-block-column is-layout-flow wp-block-column-is-layout-flow\">\n<h3 class=\"wp-block-heading\">Kategoria kobiet OPEN<\/h3>\n\n\n\n<ol class=\"wp-block-list\"><li>miejsce:<br>&#8211; Voucher do wykorzystania w Ostoi Chobienice na kwot\u0119 1000 pln<br>&#8211; Okulary sportowe GOG<br>&#8211; Voucher od firmy Drew-dom na moskitiery okienne na wymiar na kwot\u0119 300 pln<\/li><li>miejsce:<br>&#8211; Voucher do wykorzystania w Ostoi Chobienice na kwot\u0119 500 pln<br>&#8211; Okulary sportowe GOG<br>&#8211; Voucher od firmy Drew-dom na moskitiery okienne na wymiar na kwot\u0119 200 pln<\/li><li>miejsce:<br>&#8211; Voucher do wykorzystania w Ostoi Chobienice na kwot\u0119 250 pln<br>&#8211; Okulary sportowe GOG<br>&#8211; Voucher od firmy Drew-dom na moskitiery okienne na wymiar na kwot\u0119 100 pln<\/li><\/ol>\n<\/div>\n<\/div>\n\n\n\n<div style=\"height:100px\" aria-hidden=\"true\" class=\"wp-block-spacer\"><\/div>\n\n\n\n<div class=\"wp-block-buttons alignwide is-layout-flex wp-block-buttons-is-layout-flex\">\n<div class=\"wp-block-button aligncenter is-style-outline is-style-outline--1\"><a class=\"wp-block-button__link\" href=\"http:\/\/challengerun.ostojachobienice.pl\/\">Wr\u00f3\u0107 do g\u0142\u00f3wnej<\/a><\/div>\n<\/div>\n","protected":false},"excerpt":{"rendered":"<p>W historycznych murach folwarku rodu Miel\u017cy\u0144skich w pi\u0119knej Wielkopolsce kilka lat temu zagnie\u017adzi\u0142 si\u0119 przepi\u0119kny hotel, strefa wellness, stajnia i wiele innych atrakcji. Celem tw\u00f3rc\u00f3w tego miejsca by\u0142o sprawienie, by wypoczynek w Ostoi Chobienice by\u0142o prawdziw\u0105 podr\u00f3\u017c\u0105 do spokojnych wspomnie\u0144 i oderwanie si\u0119 od trosk codzienno\u015bci.Pi\u0119kne wn\u0119trza pokoi, bogata oferta SPA oraz nagradzana restauracja Rz\u0105dc\u00f3wka [&hellip;]<\/p>\n","protected":false},"author":2,"featured_media":0,"parent":0,"menu_order":0,"comment_status":"closed","ping_status":"closed","template":"","meta":{"footnotes":""},"class_list":["post-134","page","type-page","status-publish","hentry"],"_links":{"self":[{"href":"http:\/\/challengerun.ostojachobienice.pl\/index.php?rest_route=\/wp\/v2\/pages\/134","targetHints":{"allow":["GET"]}}],"collection":[{"href":"http:\/\/challengerun.ostojachobienice.pl\/index.php?rest_route=\/wp\/v2\/pages"}],"about":[{"href":"http:\/\/challengerun.ostojachobienice.pl\/index.php?rest_route=\/wp\/v2\/types\/page"}],"author":[{"embeddable":true,"href":"http:\/\/challengerun.ostojachobienice.pl\/index.php?rest_route=\/wp\/v2\/users\/2"}],"replies":[{"embeddable":true,"href":"http:\/\/challengerun.ostojachobienice.pl\/index.php?rest_route=%2Fwp%2Fv2%2Fcomments&post=134"}],"version-history":[{"count":16,"href":"http:\/\/challengerun.ostojachobienice.pl\/index.php?rest_route=\/wp\/v2\/pages\/134\/revisions"}],"predecessor-version":[{"id":169,"href":"http:\/\/challengerun.ostojachobienice.pl\/index.php?rest_route=\/wp\/v2\/pages\/134\/revisions\/169"}],"wp:attachment":[{"href":"http:\/\/challengerun.ostojachobienice.pl\/index.php?rest_route=%2Fwp%2Fv2%2Fmedia&parent=134"}],"curies":[{"name":"wp","href":"https:\/\/api.w.org\/{rel}","templated":true}]}}